{"id":2,"date":"2022-07-21T14:01:38","date_gmt":"2022-07-21T14:01:38","guid":{"rendered":"https:\/\/cdu-graben-neudorf.de\/?page_id=2"},"modified":"2024-09-18T10:55:16","modified_gmt":"2024-09-18T10:55:16","slug":"sample-page","status":"publish","type":"page","link":"https:\/\/cdu-graben-neudorf.de\/","title":{"rendered":"Willkommen bei der CDU Graben-Neudorf"},"content":{"rendered":"\n<figure class=\"wp-block-image size-large\"><img loading=\"lazy\" decoding=\"async\" width=\"1024\" height=\"575\" src=\"https:\/\/cdu-graben-neudorf.de\/wp-content\/uploads\/2022\/07\/image-1-1024x575.jpeg\" alt=\"\" class=\"wp-image-110\" srcset=\"https:\/\/cdu-graben-neudorf.de\/wp-content\/uploads\/2022\/07\/image-1-1024x575.jpeg 1024w, https:\/\/cdu-graben-neudorf.de\/wp-content\/uploads\/2022\/07\/image-1-300x169.jpeg 300w, https:\/\/cdu-graben-neudorf.de\/wp-content\/uploads\/2022\/07\/image-1-768x431.jpeg 768w, https:\/\/cdu-graben-neudorf.de\/wp-content\/uploads\/2022\/07\/image-1-1536x863.jpeg 1536w, https:\/\/cdu-graben-neudorf.de\/wp-content\/uploads\/2022\/07\/image-1-2048x1150.jpeg 2048w\" sizes=\"auto, (max-width: 1024px) 100vw, 1024px\" \/><\/figure>\n\n\n\n<p>Liebe Mitb\u00fcrgerinnen und Mitb\u00fcrger,<br>Liebe Besucher unserer Internetseite,<\/p>\n\n\n\n<p>wir freuen uns \u00fcber Ihr Interesse an der Arbeit der CDU in Graben-Neudorf.<\/p>\n\n\n\n<p>Unsere Internetseite bietet Ihnen einen \u00dcberblick \u00fcber den Gemeindeverband, die Gemeinde- und Kreisr\u00e4te der CDU, die aktuellen Aktivit\u00e4ten, und unsere Arbeit in der Vergangenheit.<\/p>\n\n\n\n<p>Ziel unserer Bem\u00fchungen ist die zeitgem\u00e4\u00dfe Weiterentwicklung unserer Heimatgemeinde im Dialog mit allen interessierten B\u00fcrgerinnen und B\u00fcrgern.<\/p>\n\n\n\n<p>Mischen Sie sich ein. Gestalten Sie die Politik in Ihrer Gemeinde mit. Geben Sie Ihre Vorstellungen und Ideen, aber auch Ihre Kritik an uns weiter! Bringen Sie frischen Wind mit! Arbeiten Sie mit an der Zukunft unserer Gemeinde!<\/p>\n\n\n\n<p>Nat\u00fcrlich finden Sie auf unseren Seiten auch Informationen, Links zu Landes-, Bundes- und Europapolitik, sowie allgemeinpolitischen Themen.<\/p>\n\n\n\n<p>Wir freuen uns auf SIE!<\/p>\n\n\n\n<figure class=\"wp-block-image size-large is-resized\"><img loading=\"lazy\" decoding=\"async\" width=\"1024\" height=\"410\" src=\"https:\/\/cdu-graben-neudorf.de\/wp-content\/uploads\/2024\/04\/Logo-1024x410.webp\" alt=\"\" class=\"wp-image-287\" style=\"width:200px\" srcset=\"https:\/\/cdu-graben-neudorf.de\/wp-content\/uploads\/2024\/04\/Logo-1024x410.webp 1024w, https:\/\/cdu-graben-neudorf.de\/wp-content\/uploads\/2024\/04\/Logo-300x120.webp 300w, https:\/\/cdu-graben-neudorf.de\/wp-content\/uploads\/2024\/04\/Logo-768x307.webp 768w, https:\/\/cdu-graben-neudorf.de\/wp-content\/uploads\/2024\/04\/Logo-1536x614.webp 1536w, https:\/\/cdu-graben-neudorf.de\/wp-content\/uploads\/2024\/04\/Logo-2048x819.webp 2048w\" sizes=\"auto, (max-width: 1024px) 100vw, 1024px\" \/><\/figure>\n\n\n\n<hr class=\"wp-block-separator has-alpha-channel-opacity is-style-wide\"\/>\n\n\n\n<h2 class=\"wp-block-heading\">Das gibt&#8217;s Neues<\/h2>\n\n\n<ul class=\"wp-block-latest-posts__list wp-block-latest-posts\"><li><a class=\"wp-block-latest-posts__post-title\" href=\"https:\/\/cdu-graben-neudorf.de\/index.php\/2026\/03\/09\/ansgar-mayr-holt-direktmandant-in-unserem-wahlkreis\/\">Ansgar Mayr holt Direktmandant in unserem Wahlkreis<\/a><div class=\"wp-block-latest-posts__post-excerpt\">Herzlichen Gl\u00fcckwunsch an unsern Landtagsabgeordneten Ansgar Mayr zur erfolgreichen Wiederwahl in den Landtag von Baden-W\u00fcrttemberg. Mit 34,5 Prozent der Erststimmen im Wahlkreis Bretten (in Graben-Neudorf &hellip; <\/div><\/li>\n<li><a class=\"wp-block-latest-posts__post-title\" href=\"https:\/\/cdu-graben-neudorf.de\/index.php\/2026\/02\/12\/haushaltsrede-der-cdu-gemeinderatsfraktion-graben-neudorf-fuer-2026\/\">Haushaltsrede der CDU-Gemeinderatsfraktion Graben-Neudorf f\u00fcr 2026<\/a><div class=\"wp-block-latest-posts__post-excerpt\">Liebe Mitb\u00fcrgerinnen und Mitb\u00fcrger,sehr geehrter Herr B\u00fcrgermeister Eheim,gesch\u00e4tzte Kolleginnen und Kollegen im Gemeinderat,sehr geehrte Damen und Herren der Verwaltung, wie jedes Jahr beschlie\u00dfen wir zu &hellip; <\/div><\/li>\n<li><a class=\"wp-block-latest-posts__post-title\" href=\"https:\/\/cdu-graben-neudorf.de\/index.php\/2026\/02\/08\/cdu-startet-gemeinsam-ins-politische-jahr-2026\/\">CDU startet gemeinsam ins politische Jahr 2026<\/a><div class=\"wp-block-latest-posts__post-excerpt\">Mit einem gut besuchten Neujahrsempfang ist die CDU in Stutensee in das politische Jahr 2026 gestartet. Zahlreiche G\u00e4ste aus Politik, Gesellschaft und Ehrenamt folgten der &hellip; <\/div><\/li>\n<li><a class=\"wp-block-latest-posts__post-title\" href=\"https:\/\/cdu-graben-neudorf.de\/index.php\/2026\/02\/02\/marcus-melder-geht-martin-geissert-kommt\/\">Marcus Melder geht \u2013 Martin Gei\u00dfert kommt<\/a><div class=\"wp-block-latest-posts__post-excerpt\">Am 17. Januar 2026 kam es zu folgender \u00c4nderung in der Zusammensetzung des CDU-Gemeinderatsfraktion: Nach ca. sechseinhalb Jahren wurde Marcus Melder, auf eigenen Wunsch, von &hellip; <\/div><\/li>\n<li><a class=\"wp-block-latest-posts__post-title\" href=\"https:\/\/cdu-graben-neudorf.de\/index.php\/2026\/01\/18\/besuch-bei-der-lebenshilfe\/\">Besuch bei der Lebenshilfe<\/a><div class=\"wp-block-latest-posts__post-excerpt\">Besuch in der Zweigwerksatt der Lebenshilfe Bruchsal-Bretten in Graben-Neudorf zusammen mit MdL Ansgar Mayr und MdL Christian Gehring. Dieser Besuch hat bewegt. Zu erleben, mit &hellip; <\/div><\/li>\n<\/ul>","protected":false},"excerpt":{"rendered":"<p>Liebe Mitb\u00fcrgerinnen und Mitb\u00fcrger,Liebe Besucher unserer Internetseite, wir freuen uns \u00fcber Ihr Interesse an der Arbeit der CDU in Graben-Neudorf. Unsere Internetseite bietet Ihnen einen &hellip; <\/p>\n","protected":false},"author":1,"featured_media":0,"parent":0,"menu_order":0,"comment_status":"closed","ping_status":"open","template":"","meta":{"footnotes":""},"class_list":["post-2","page","type-page","status-publish","hentry"],"_links":{"self":[{"href":"https:\/\/cdu-graben-neudorf.de\/index.php\/wp-json\/wp\/v2\/pages\/2","targetHints":{"allow":["GET"]}}],"collection":[{"href":"https:\/\/cdu-graben-neudorf.de\/index.php\/wp-json\/wp\/v2\/pages"}],"about":[{"href":"https:\/\/cdu-graben-neudorf.de\/index.php\/wp-json\/wp\/v2\/types\/page"}],"author":[{"embeddable":true,"href":"https:\/\/cdu-graben-neudorf.de\/index.php\/wp-json\/wp\/v2\/users\/1"}],"replies":[{"embeddable":true,"href":"https:\/\/cdu-graben-neudorf.de\/index.php\/wp-json\/wp\/v2\/comments?post=2"}],"version-history":[{"count":16,"href":"https:\/\/cdu-graben-neudorf.de\/index.php\/wp-json\/wp\/v2\/pages\/2\/revisions"}],"predecessor-version":[{"id":545,"href":"https:\/\/cdu-graben-neudorf.de\/index.php\/wp-json\/wp\/v2\/pages\/2\/revisions\/545"}],"wp:attachment":[{"href":"https:\/\/cdu-graben-neudorf.de\/index.php\/wp-json\/wp\/v2\/media?parent=2"}],"curies":[{"name":"wp","href":"https:\/\/api.w.org\/{rel}","templated":true}]}}